{"id":85,"date":"2025-05-26T11:00:57","date_gmt":"2025-05-26T08:00:57","guid":{"rendered":"https:\/\/immokeylab.com\/?page_id=85"},"modified":"2025-05-31T12:41:07","modified_gmt":"2025-05-31T09:41:07","slug":"service","status":"publish","type":"page","link":"https:\/\/immokeylab.com\/en\/service\/","title":{"rendered":"IMMO KeyLab Services"},"content":{"rendered":"<h2>Services<\/h2>\n<ul class=\"princip\">\n<li><img decoding=\"async\" src=\"\/wp-content\/uploads\/2025\/05\/remont.svg\"\/><br \/>\n<h5>Full car diagnostics<\/h5>\n<p>We find even hidden problems in electronics, control units, and the CAN bus. We use professional equipment.<\/p>\n<ul>\n<li>Checking electrical systems and control units<\/li>\n<li>Engine diagnostics using tools for sensors and actuators<\/li>\n<li>Checking data networks in modern cars<\/li>\n<li>Endoscopic inspection of parts and systems<\/li>\n<\/ul>\n<\/li>\n<li><img decoding=\"async\" src=\"\/wp-content\/uploads\/2025\/05\/key_making.svg\"\/><br \/>\n<h5>Car key making<\/h5>\n<p>We make all types of keys: chip, smart, flip, secure.<\/p>\n<ul>\n<li>Original keys and copies<\/li>\n<li>Fast, no long wait<\/li>\n<li>For all car brands<\/li>\n<li>Programmed for your car<\/li>\n<li>Fast and reliable, like from factory.<\/li>\n<\/ul>\n<\/li>\n<li><img decoding=\"async\" src=\"\/wp-content\/uploads\/2025\/05\/immo.svg\"\/><br \/>\n<h5>Key coding<\/h5>\n<p>We code keys to work with your car.<\/p>\n<ul>\n<li>Immobilizer, chips, remote control<\/li>\n<li>Connect by OBD tools<\/li>\n<li>Fix problems after key change<\/li>\n<li>We work with VAG, BMW, PSA, Ford and more<\/li>\n<li>Safe and correct.<\/li>\n<\/ul>\n<\/li>\n<li><img decoding=\"async\" src=\"\/wp-content\/uploads\/2025\/05\/copy.svg\"\/><br \/>\n<h5>Key copying<\/h5>\n<p>We make an exact copy of your key.<\/p>\n<ul>\n<li>Chip clone<\/li>\n<li>Copy from sample<\/li>\n<li>Quick check on place<\/li>\n<li>Keys for modern systems<\/li>\n<li>Same as the original.<\/li>\n<\/ul>\n<\/li>\n<li><img decoding=\"async\" src=\"\/wp-content\/uploads\/2025\/05\/repair.svg\" \/><br \/>\n<h5>Car key repair<\/h5>\n<p>We fix any type of car key.<\/p>\n<ul>\n<li>Change key case<\/li>\n<li>Repair electronic board<\/li>\n<li>Fix buttons<\/li>\n<li>Wet or broken keys<\/li>\n<li>Change battery<\/li>\n<li>Fast, clean, with warranty<\/li>\n<\/ul>\n<\/li>\n<li><img decoding=\"async\" src=\"\/wp-content\/uploads\/2025\/05\/auto-and-key.svg\"\/><br \/>\n<h5>Immobilizers and starting without original key<\/h5>\n<p>We register the keys, synchronize the blocks, and help start the car after losing all the keys or immo system errors<\/p>\n<ul>\n<li>Turning off the original immobilizer<\/li>\n<li>Programming new keys into the immobilizer<\/li>\n<li>Reprogramming used control units connected to the immobilizer<\/li>\n<li>Cloning immobilizer modules<\/li>\n<li>Programming transponders and remote controls<\/li>\n<\/ul>\n<\/li>\n<\/ul>\n<p><script>\njQuery('#menu-mainmenu>li:not(.wpm-languages)>a').each(function() {\n   jQuery(this).attr('href', '\/en\/' + jQuery(this).attr('href'));\n});\n<\/script><\/p>\n","protected":false},"excerpt":{"rendered":"<p>Services Full car diagnostics We find even hidden problems in electronics, control units, and the CAN bus. We use professional equipment. Checking electrical systems and control units Engine diagnostics using tools for sensors and actuators Checking data networks in modern cars Endoscopic inspection of parts and systems Car key making We make all types of &#8230; <a title=\"IMMO KeyLab Services\" class=\"read-more\" href=\"https:\/\/immokeylab.com\/en\/service\/\" aria-label=\"Read more about IMMO KeyLab Services\">Read more<\/a><\/p>\n","protected":false},"author":2,"featured_media":0,"parent":0,"menu_order":0,"comment_status":"closed","ping_status":"closed","template":"","meta":{"inline_featured_image":false,"footnotes":""},"class_list":["post-85","page","type-page","status-publish"],"yoast_head":"<!-- This site is optimized with the Yoast SEO plugin v25.2 - https:\/\/yoast.com\/wordpress\/plugins\/seo\/ -->\n<title>In-depth Car diagnostics, Manufacturing, Coding, Copying, Car key Repair. Immobilizers and commissioning without original key in Benidorm<\/title>\n<meta name=\"description\" content=\"In our workshop in Benidorm we offer a wide range of specialized services for the care of your vehicle. From a complete diagnosis to the manufacture, coding, copying and repair of keys, our team of experts uses the latest technologies to ensure the highest quality and reliability.\" \/>\n<meta name=\"robots\" content=\"index, follow, max-snippet:-1, max-image-preview:large, max-video-preview:-1\" \/>\n<link rel=\"canonical\" href=\"https:\/\/immokeylab.com\/en\/service\/\" \/>\n<meta property=\"og:locale\" content=\"en_US\" \/>\n<meta property=\"og:locale:alternate\" content=\"es_ES\" \/>\n<meta property=\"og:locale:alternate\" content=\"ru_RU\" \/>\n<meta property=\"og:type\" content=\"article\" \/>\n<meta property=\"og:title\" content=\"In-depth Car diagnostics, Manufacturing, Coding, Copying, Car key Repair. Immobilizers and commissioning without original key in Benidorm\" \/>\n<meta property=\"og:description\" content=\"In our workshop in Benidorm we offer a wide range of specialized services for the care of your vehicle. From a complete diagnosis to the manufacture, coding, copying and repair of keys, our team of experts uses the latest technologies to ensure the highest quality and reliability.\" \/>\n<meta property=\"og:url\" content=\"https:\/\/immokeylab.com\/en\/service\/\" \/>\n<meta property=\"og:site_name\" content=\"IMMO KeyLab\" \/>\n<meta property=\"article:modified_time\" content=\"2025-05-31T09:41:07+00:00\" \/>\n<script type=\"application\/ld+json\" class=\"yoast-schema-graph\">{\"@context\":\"https:\/\/schema.org\",\"@graph\":[{\"@type\":\"WebPage\",\"@id\":\"https:\/\/immokeylab.com\/en\/service\/\",\"url\":\"https:\/\/immokeylab.com\/en\/service\/\",\"name\":\"In-depth Car diagnostics, Manufacturing, Coding, Copying, Car key Repair. Immobilizers and commissioning without original key in Benidorm\",\"isPartOf\":{\"@id\":\"https:\/\/immokeylab.com\/#website\"},\"datePublished\":\"2025-05-26T08:00:57+00:00\",\"dateModified\":\"2025-05-31T09:41:07+00:00\",\"description\":\"In our workshop in Benidorm we offer a wide range of specialized services for the care of your vehicle. From a complete diagnosis to the manufacture, coding, copying and repair of keys, our team of experts uses the latest technologies to ensure the highest quality and reliability.\",\"breadcrumb\":{\"@id\":\"https:\/\/immokeylab.com\/en\/service\/#breadcrumb\"},\"inLanguage\":\"en-US\",\"potentialAction\":[{\"@type\":\"ReadAction\",\"target\":[\"https:\/\/immokeylab.com\/en\/service\/\"]}]},{\"@type\":\"BreadcrumbList\",\"@id\":\"https:\/\/immokeylab.com\/en\/service\/#breadcrumb\",\"itemListElement\":[{\"@type\":\"ListItem\",\"position\":1,\"name\":\"\u0413\u043b\u0430\u0432\u043d\u0430\u044f \u0441\u0442\u0440\u0430\u043d\u0438\u0446\u0430\",\"item\":\"https:\/\/immokeylab.com\/en\/\"},{\"@type\":\"ListItem\",\"position\":2,\"name\":\"IMMO KeyLab Services\"}]},{\"@type\":\"WebSite\",\"@id\":\"https:\/\/immokeylab.com\/#website\",\"url\":\"https:\/\/immokeylab.com\/\",\"name\":\"IMMO KeyLab\",\"description\":\"Car keys| Vehicle diagnostics\",\"publisher\":{\"@id\":\"https:\/\/immokeylab.com\/#organization\"},\"potentialAction\":[{\"@type\":\"SearchAction\",\"target\":{\"@type\":\"EntryPoint\",\"urlTemplate\":\"https:\/\/immokeylab.com\/?s={search_term_string}\"},\"query-input\":{\"@type\":\"PropertyValueSpecification\",\"valueRequired\":true,\"valueName\":\"search_term_string\"}}],\"inLanguage\":\"en-US\"},{\"@type\":\"Organization\",\"@id\":\"https:\/\/immokeylab.com\/#organization\",\"name\":\"IMMO KeyLab\",\"url\":\"https:\/\/immokeylab.com\/\",\"logo\":{\"@type\":\"ImageObject\",\"inLanguage\":\"en-US\",\"@id\":\"https:\/\/immokeylab.com\/#\/schema\/logo\/image\/\",\"url\":\"https:\/\/immokeylab.com\/wp-content\/uploads\/2025\/05\/logo.png\",\"contentUrl\":\"https:\/\/immokeylab.com\/wp-content\/uploads\/2025\/05\/logo.png\",\"width\":478,\"height\":239,\"caption\":\"IMMO KeyLab\"},\"image\":{\"@id\":\"https:\/\/immokeylab.com\/#\/schema\/logo\/image\/\"}}]}<\/script>\n<!-- \/ Yoast SEO plugin. -->","yoast_head_json":{"title":"In-depth Car diagnostics, Manufacturing, Coding, Copying, Car key Repair. Immobilizers and commissioning without original key in Benidorm","description":"In our workshop in Benidorm we offer a wide range of specialized services for the care of your vehicle. From a complete diagnosis to the manufacture, coding, copying and repair of keys, our team of experts uses the latest technologies to ensure the highest quality and reliability.","robots":{"index":"index","follow":"follow","max-snippet":"max-snippet:-1","max-image-preview":"max-image-preview:large","max-video-preview":"max-video-preview:-1"},"canonical":"https:\/\/immokeylab.com\/en\/service\/","og_locale":"en_US","og_type":"article","og_title":"[:es]Diagn\u00f3stico profundo de autom\u00f3viles, Fabricaci\u00f3n, Codificaci\u00f3n, Copia, Reparaci\u00f3n de llaves de autom\u00f3viles. Inmovilizadores y puesta en marcha sin llave original en Benidorm[:ru]\u0413\u043b\u0443\u0431\u043e\u043a\u0430\u044f \u0434\u0438\u0430\u0433\u043d\u043e\u0441\u0442\u0438\u043a\u0430 \u0430\u0432\u0442\u043e\u043c\u043e\u0431\u0438\u043b\u0435\u0439, \u0418\u0437\u0433\u043e\u0442\u043e\u0432\u043b\u0435\u043d\u0438\u0435, \u041a\u043e\u0434\u0438\u0440\u043e\u0432\u0430\u043d\u0438\u0435, \u041a\u043e\u043f\u0438\u0440\u043e\u0432\u0430\u043d\u0438\u0435, \u0420\u0435\u043c\u043e\u043d\u0442 \u0430\u0432\u0442\u043e\u043a\u043b\u044e\u0447\u0435\u0439. \u0418\u043c\u043c\u043e\u0431\u0438\u043b\u0430\u0439\u0437\u0435\u0440\u044b \u0438 \u0437\u0430\u043f\u0443\u0441\u043a \u0431\u0435\u0437 \u043e\u0440\u0438\u0433\u0438\u043d\u0430\u043b\u044c\u043d\u043e\u0433\u043e \u043a\u043b\u044e\u0447\u0430 \u0432 \u0411\u0435\u043d\u0438\u0434\u043e\u0440\u043c[:en]In-depth Car diagnostics, Manufacturing, Coding, Copying, Car key Repair. Immobilizers and commissioning without original key in Benidorm[:]","og_description":"[:es]En nuestro taller de Benidorm ofrecemos una amplia gama de servicios especializados para el cuidado de tu veh\u00edculo. Desde un completo diagn\u00f3stico hasta la fabricaci\u00f3n, codificaci\u00f3n, copia y reparaci\u00f3n de llaves, nuestro equipo de expertos utiliza las \u00faltimas tecnolog\u00edas para garantizar la m\u00e1xima calidad y fiabilidad.[:ru]\u0413\u043b\u0443\u0431\u043e\u043a\u0430\u044f \u0434\u0438\u0430\u0433\u043d\u043e\u0441\u0442\u0438\u043a\u0430 \u0430\u0432\u0442\u043e\u043c\u043e\u0431\u0438\u043b\u0435\u0439, \u0418\u0437\u0433\u043e\u0442\u043e\u0432\u043b\u0435\u043d\u0438\u0435, \u041a\u043e\u0434\u0438\u0440\u043e\u0432\u0430\u043d\u0438\u0435, \u041a\u043e\u043f\u0438\u0440\u043e\u0432\u0430\u043d\u0438\u0435, \u0420\u0435\u043c\u043e\u043d\u0442 \u0430\u0432\u0442\u043e\u043a\u043b\u044e\u0447\u0435\u0439. \u0418\u043c\u043c\u043e\u0431\u0438\u043b\u0430\u0439\u0437\u0435\u0440\u044b \u0438 \u0437\u0430\u043f\u0443\u0441\u043a \u0431\u0435\u0437 \u043e\u0440\u0438\u0433\u0438\u043d\u0430\u043b\u044c\u043d\u043e\u0433\u043e \u043a\u043b\u044e\u0447\u0430 \u0432 \u0411\u0435\u043d\u0438\u0434\u043e\u0440\u043c - \u043a\u043e\u043c\u043f\u043b\u0435\u043a\u0441\u043d\u043e\u0435 \u0440\u0435\u0448\u0435\u043d\u0438\u0435 \u0434\u043b\u044f \u0432\u0430\u0448\u0435\u0433\u043e \u0430\u0432\u0442\u043e\u043c\u043e\u0431\u0438\u043b\u044f \u0432 \u0411\u0435\u043d\u0438\u0434\u043e\u0440\u043c\u0435.[:en]In our workshop in Benidorm we offer a wide range of specialized services for the care of your vehicle. From a complete diagnosis to the manufacture, coding, copying and repair of keys, our team of experts uses the latest technologies to ensure the highest quality and reliability.[:]","og_url":"https:\/\/immokeylab.com\/en\/service\/","og_site_name":"IMMO KeyLab","article_modified_time":"2025-05-31T09:41:07+00:00","schema":{"@context":"https:\/\/schema.org","@graph":[{"@type":"WebPage","@id":"https:\/\/immokeylab.com\/en\/service\/","url":"https:\/\/immokeylab.com\/en\/service\/","name":"In-depth Car diagnostics, Manufacturing, Coding, Copying, Car key Repair. Immobilizers and commissioning without original key in Benidorm","isPartOf":{"@id":"https:\/\/immokeylab.com\/#website"},"datePublished":"2025-05-26T08:00:57+00:00","dateModified":"2025-05-31T09:41:07+00:00","description":"In our workshop in Benidorm we offer a wide range of specialized services for the care of your vehicle. From a complete diagnosis to the manufacture, coding, copying and repair of keys, our team of experts uses the latest technologies to ensure the highest quality and reliability.","breadcrumb":{"@id":"https:\/\/immokeylab.com\/en\/service\/#breadcrumb"},"inLanguage":"en-US","potentialAction":[{"@type":"ReadAction","target":["https:\/\/immokeylab.com\/en\/service\/"]}]},{"@type":"BreadcrumbList","@id":"https:\/\/immokeylab.com\/en\/service\/#breadcrumb","itemListElement":[{"@type":"ListItem","position":1,"name":"\u0413\u043b\u0430\u0432\u043d\u0430\u044f \u0441\u0442\u0440\u0430\u043d\u0438\u0446\u0430","item":"https:\/\/immokeylab.com\/en\/"},{"@type":"ListItem","position":2,"name":"IMMO KeyLab Services"}]},{"@type":"WebSite","@id":"https:\/\/immokeylab.com\/#website","url":"https:\/\/immokeylab.com\/","name":"IMMO KeyLab","description":"Car keys| Vehicle diagnostics","publisher":{"@id":"https:\/\/immokeylab.com\/#organization"},"potentialAction":[{"@type":"SearchAction","target":{"@type":"EntryPoint","urlTemplate":"https:\/\/immokeylab.com\/?s={search_term_string}"},"query-input":{"@type":"PropertyValueSpecification","valueRequired":true,"valueName":"search_term_string"}}],"inLanguage":"en-US"},{"@type":"Organization","@id":"https:\/\/immokeylab.com\/#organization","name":"IMMO KeyLab","url":"https:\/\/immokeylab.com\/","logo":{"@type":"ImageObject","inLanguage":"en-US","@id":"https:\/\/immokeylab.com\/#\/schema\/logo\/image\/","url":"https:\/\/immokeylab.com\/wp-content\/uploads\/2025\/05\/logo.png","contentUrl":"https:\/\/immokeylab.com\/wp-content\/uploads\/2025\/05\/logo.png","width":478,"height":239,"caption":"IMMO KeyLab"},"image":{"@id":"https:\/\/immokeylab.com\/#\/schema\/logo\/image\/"}}]}},"_links":{"self":[{"href":"https:\/\/immokeylab.com\/en\/wp-json\/wp\/v2\/pages\/85","targetHints":{"allow":["GET"]}}],"collection":[{"href":"https:\/\/immokeylab.com\/en\/wp-json\/wp\/v2\/pages"}],"about":[{"href":"https:\/\/immokeylab.com\/en\/wp-json\/wp\/v2\/types\/page"}],"author":[{"embeddable":true,"href":"https:\/\/immokeylab.com\/en\/wp-json\/wp\/v2\/users\/2"}],"replies":[{"embeddable":true,"href":"https:\/\/immokeylab.com\/en\/wp-json\/wp\/v2\/comments?post=85"}],"version-history":[{"count":22,"href":"https:\/\/immokeylab.com\/en\/wp-json\/wp\/v2\/pages\/85\/revisions"}],"predecessor-version":[{"id":154,"href":"https:\/\/immokeylab.com\/en\/wp-json\/wp\/v2\/pages\/85\/revisions\/154"}],"wp:attachment":[{"href":"https:\/\/immokeylab.com\/en\/wp-json\/wp\/v2\/media?parent=85"}],"curies":[{"name":"wp","href":"https:\/\/api.w.org\/{rel}","templated":true}]}}